{"id":162,"date":"2006-10-06T04:08:11","date_gmt":"2006-10-06T03:08:11","guid":{"rendered":"http:\/\/www.maurograziani.org\/wordpress\/partiture-onlineonline-music-scores\/"},"modified":"2014-11-19T23:14:48","modified_gmt":"2014-11-19T22:14:48","slug":"partiture-onlineonline-music-scores","status":"publish","type":"page","link":"https:\/\/maurograziani.org\/wordpress\/partiture-onlineonline-music-scores","title":{"rendered":"Partiture online &#8211; Online Music Scores"},"content":{"rendered":"<p>Questa pagina raccoglie tutti i link di mia conoscenza a siti che offrono partiture scaricabili legalmente e gratuitamente.<br \/>\nL&#8217;elenco sar\u00e0 allargato se ne trover\u00f2 ancora. Segnalatemi pure eventuali altri siti.<br \/>\nOvviamente non posso controllare personalmente la legalit\u00e0 di tutte le partiture presenti in questi siti, ma mi impegno a rimuovere un link in seguito a una segnalazione motivata di eventuali illegalit\u00e0.<br \/>\nNB: nessuna partitura \u00e8 presente nel mio sito. Io riporto solamente i link a vari siti internet.<\/p>\n<p>This page lists the links to sites from which music scores can be freely downloaded.<br \/>\nThe list will grow as I find new sites. Please report other sites you know.<br \/>\nOf course I can&#8217;t check all the scores for legality. Please, report abuses and the link to that site will be removed.<br \/>\nPlease note: no score is on my site. I only list links.<\/p>\n<hr size=\"4\" \/>\n<p><strong><a href=\"http:\/\/www.mutopiaproject.org\/\" target=\"_blank\">Mutopia Project Site<\/a><\/strong><br \/>\nIl Progetto Mutopia raccoglie molte partiture trascritte da volontari mediante il software libero GNU Lilypond, disponibile su Linux e le distribuisce in formati leggibili su qualsiasi sistema come Postscript (.ps) e PDF.<br \/>\nThe idea behind the Mutopia Project is that volunteers typeset these editions on a computer, using the GNU Lilypond typesetting software, and make them freely available as Postscript (.ps) and PDF (.pdf) files, for both A4 and Letter paper sizes, as well as Lilypond\u2019s own file format (.ly).<\/p>\n<p><strong>The <a href=\"http:\/\/www.imslp.org\/\" target=\"_blank\">International Music Score Library Project<\/a> (IMSLP)<\/strong><br \/>\nSimile al progetto Mutopia<br \/>\nSimilar to Mutopia Project<\/p>\n<p><strong><a href=\"http:\/\/www.el-atril.com\/search.html\" target=\"_blank\">Partituras<\/a><\/strong><br \/>\nUn sito spagnolo di partiture in pdf, da Bach fino al primo \u2018900.<br \/>\nA spanish site. From Bach to first years of 1900.<\/p>\n<p><strong><a href=\"http:\/\/www.cpdl.org\/wiki\/index.php\/Main_Page\" target=\"_blank\">Choral Public Domain Library<\/a><\/strong><br \/>\nMusica Corale<br \/>\nChoral Music<\/p>\n<p><strong><a href=\"http:\/\/www.dlib.indiana.edu\/variations\/scores\/\" target=\"_blank\">William and Gayle Cook Music Library<\/a><\/strong><br \/>\n(Indiana University Bloomington Libraries)<br \/>\nSolo consultazione online &#8211; non scaricabili<br \/>\nView online only &#8211; no download<\/p>\n<p><strong><a href=\"http:\/\/icking-music-archive.org\/\" target=\"_blank\">Werner Icking Music Archive<\/a><\/strong><br \/>\nIncludes the Werner Icking- and RAMA (Royal Academy of Music, Aarhus) Music Archives<br \/>\nOltre al PDF, a volte si trova anche una versione midi e spesso anche un file in formato Finale 2005<br \/>\nIn addition to usual PDF format, sometimes there is a midi file and a Finale 2005 file<br \/>\nIndicata da: Nicola<\/p>\n<p><strong><a href=\"http:\/\/www.mab.jpn.org\/index.en.html\" target=\"_blank\">M.A.B.<\/a><\/strong><br \/>\nMAB \u00e8 un gruppo corale giapponese. Musica corale dal 1300 al 1600<br \/>\nMAB is a japanes choral group. Choral music from 1300 to 1600<\/p>\n<p><strong><a href=\"http:\/\/anaigeon.free.fr\/index.html\" target=\"_blank\">Musique Renaissance<\/a><\/strong><br \/>\nMusica rinascimentale. Click &#8220;Partitions&#8221; in alto.<br \/>\nRenaissance music. Click &#8220;Partitions&#8221; above.<br \/>\nIndicata da: Nicola<\/p>\n<p><strong><a href=\"http:\/\/www.leeds.ac.uk\/music\/Info\/RRTuneBk\/tunebook.html\" target=\"_blank\">Richard Robinson&#8217;s Tunebook<\/a><\/strong><br \/>\nRaccolta di melodie tradizionali e nuove melodie in stile tradizionale. Scozzesi, Irlandesi, Scandinave, Inglesi, Balcaniche e altro.<br \/>\nThis is a collection of traditional tunes, and new tunes in traditional styles &#8211; Scots tunes, Irish tunes, Scandinavian, English, French, Balkan and more.<br \/>\nIndicata da: Nicola<\/p>\n<p><del><strong><a href=\"http:\/\/ace.acadiau.ca\/score\/archive\/ftp.htm\" target=\"_blank\">Acadia Early Music Archive<\/a><\/strong><\/del><br \/>\n<del>Brani fino al &#8216;700. Formato in genere EPS (postscript stampabile). Spesso da scaricare a pagine singole.<\/del><br \/>\n<del> Early Music (until &#8216;700). Format EPS (printable postscript). Often must download pages one by one<\/del>.<\/p>\n<p><strong><a href=\"http:\/\/www.rowy.net\/Download_Sheet_Music.html\" target=\"_blank\">RowyNet &#8211; Sheet Music Archive<\/a><\/strong><br \/>\nParecchie partiture di epoche varie suddivise per strumenti. PDF e spesso anche MIDI.<br \/>\nVarious times and composers. PDF. Often MIDI file also.<\/p>\n<p><del><strong><a href=\"https:\/\/urresearch.rochester.edu\/handle\/1802\/292\/browse-author\" target=\"_blank\">University of Rochester<\/a><\/strong><\/del><br \/>\n<del>Musica classica. PDF<\/del><br \/>\n<del> Classic music. PDF<\/del><\/p>\n<p><strong><a href=\"http:\/\/www.gianfrancobertagni.it\/Autori\/gurdjieff.htm\" target=\"_blank\">Gurdjieff\/Hartmann Piano Music<\/a><\/strong><br \/>\nNon facili da trovare. I mistici saranno contenti. Andate a fine pagina.<br \/>\nNot easy to find. Mystical people will be happy. Scroll down the page.<br \/>\nIndicata da: leo<\/p>\n<p><strong><a href=\"http:\/\/dme.mozarteum.at\/\" target=\"_blank\">Mozart database online<\/a><\/strong><br \/>\nOpera completa a cura del Mozarteum. PDF<br \/>\nMozart complete from The Mozarteum. PDF files<\/p>\n<p><del><strong><a href=\"http:\/\/fac-simile.org\/\" target=\"_blank\">Fac-simile<\/a><\/strong><\/del><br \/>\n<del> Directory che permette di cercare in vari archivi<\/del><br \/>\n<del> A directory to search many archives<\/del><br \/>\n<del> Indicato da: erri<\/del><\/p>\n<p><strong><a href=\"http:\/\/gallica.bnf.fr\/\" target=\"_blank\">Biblioth\u00e8que Nationale de France<\/a><\/strong><br \/>\nPartiture antiche originali<br \/>\nOriginal ancient scores<br \/>\nIndicato da: erri<\/p>\n<p><strong><a href=\"http:\/\/www.bh2000.net\/score\/\" target=\"_blank\">Free Sheetmusic<\/a><\/strong><br \/>\nUn po&#8217; di romantici + Beethoven + musica per organo e corali di Bach<br \/>\nA bit of romantic music + Beethoven + organ music and Bach&#8217;s choral works.<\/p>\n<p><strong><a href=\"http:\/\/www.partiture.org\" target=\"_blank\">Classical Guitar Partiture Archive<\/a><\/strong><br \/>\nPartiture per chitarra classica, originali e trascrizioni<br \/>\nOra allargato ad altri strumenti<br \/>\nScores for classical guitar and more<\/p>\n<p><span style=\"text-decoration: line-through;\"><strong><a href=\"http:\/\/www.sheetmusicarchive.net\/\" target=\"_blank\">Sheet Music Archive<\/a><\/strong><br \/>\nMusica classica da Bach a Rachmaninoff &#8211; parzialmente libero: download gratuiti limitati a 2 al giorno<br \/>\nClassical music from Bach to Rachmaninoff &#8211; free downloads are limited to 2 per person per day<br \/>\n<\/span>Free no more<\/p>\n<p><strong><a href=\"http:\/\/chopin.lib.uchicago.edu\/\" target=\"_blank\">Chopin Early Editions<\/a><\/strong><br \/>\nImmagini digitali dalla Chopin Collection presso la biblioteca dell&#8217;Universit\u00e0 di Chicago &#8211; JPG a pagina singola<br \/>\nDigitized images of all scores in the University of Chicago Library&#8217;s Chopin collection. &#8211; Single page JPG<\/p>\n<p><strong><a href=\"https:\/\/urresearch.rochester.edu\/viewInstitutionalCollection.action?collectionId=25\" target=\"_blank\">Sibley Music Library<\/a><\/strong><br \/>\nPartiture ma anche articoli dall&#8217;Eastman School of Music<br \/>\nMusical scores and papers from the Eastman School of Music<\/p>\n<p><a href=\"http:\/\/www.kb.dk\/en\/nb\/samling\/ma\/digmus\/index.html\" target=\"_blank\"><strong>Danish Royal Library<\/strong><\/a><br \/>\nPrincipalmente partiture per chitarra o per flauto, spesso trascrizioni.<br \/>\nThe most of scores are for guitar or flute.<br \/>\nIndicato da: Daniele Pianegonda<\/p>\n<p><a href=\"http:\/\/www.delcamp.net\/guitarraclasica\/partituras.html\" target=\"_blank\"><strong>Partituras para guitarra cl\u00e1sica<\/strong><\/a><br \/>\nContenuto vario, dal &#8216;500 al &#8216;900.<br \/>\nVarious contents from &#8216;500 to &#8216;900.<\/p>\n<p><a href=\"http:\/\/www.finalemusic.com\/showcase\/\" target=\"_blank\"><strong>Finale Showcase<\/strong><\/a><br \/>\nMolte partiture in formato MUS (Finale file), ma attenzione: la maggior parte \u00e8 stata trascritta con la versione 2008 e presumibilmente non si carica sulle versioni precedenti.<br \/>\nMany scores in Finale format (.MUS). Warning: the most are created by the 2008 version of the software, so it could not loading on the previous versions.<\/p>\n<p><a href=\"http:\/\/www.loumy.org\" target=\"_blank\"><strong>Biblioth\u00e8que num\u00e9rique de partitions de musique<\/strong><\/a><br \/>\nOpere per piano, organo, clavicembalo, chitarra, liuto.<br \/>\nWorks for piano, organ, harpsichord, guitar, lute.<\/p>\n<p><strong><a href=\"http:\/\/www.deltastudios.it\/taukay\/scores\/\" target=\"_blank\">TauKay Edizioni Musicali<\/a><\/strong><br \/>\nUna certa quantit\u00e0 di partiture di autori italiani contemporanei pi\u00f9 o meno giovani distribuite gratuitamente. Per scaricare \u00e8 necessario iscriversi.<br \/>\nContemporary music, mostly from italian young composers. Must register to download.<\/p>\n<p><strong><a href=\"http:\/\/www.musopen.org\" target=\"_blank\">Musopen<\/a><\/strong><br \/>\nMusica classica. Una volta apparsa la partitura in iMusic andate in fondo alla pagina per trovare il link al pdf. Ci sono anche vari MP3.<br \/>\nClassic music. See the iMusic page, then scoll down to find the pdf link. Some MP3 also.<br \/>\nIndicato da: Michele<\/p>\n<p><a href=\"http:\/\/www.earlymusiconline.org\/\" target=\"_blank\"><strong>Early Music Online<\/strong><\/a><br \/>\nMusica antica. Immagini, quindi lo scaricamento non \u00e8 immediato.<br \/>\nEarly music. Images. Download one by one.<br \/>\nIndicato da: Giuseppe<\/p>\n<div class=\"related-posts\">\n<\/div>","protected":false},"excerpt":{"rendered":"<p>Questa pagina raccoglie tutti i link di mia conoscenza a siti che offrono partiture scaricabili legalmente e gratuitamente. L&#8217;elenco sar\u00e0 allargato se ne trover\u00f2 ancora. Segnalatemi pure eventuali altri siti. Ovviamente non posso controllare personalmente la legalit\u00e0 di tutte le &hellip; <a href=\"https:\/\/maurograziani.org\/wordpress\/partiture-onlineonline-music-scores\">Continua a leggere<span class=\"meta-nav\">&rarr;<\/span><\/a><\/p>\n","protected":false},"author":1,"featured_media":0,"parent":0,"menu_order":0,"comment_status":"open","ping_status":"closed","template":"","meta":{"footnotes":""},"class_list":["post-162","page","type-page","status-publish","hentry"],"jetpack_sharing_enabled":true,"_links":{"self":[{"href":"https:\/\/maurograziani.org\/wordpress\/wp-json\/wp\/v2\/pages\/162"}],"collection":[{"href":"https:\/\/maurograziani.org\/wordpress\/wp-json\/wp\/v2\/pages"}],"about":[{"href":"https:\/\/maurograziani.org\/wordpress\/wp-json\/wp\/v2\/types\/page"}],"author":[{"embeddable":true,"href":"https:\/\/maurograziani.org\/wordpress\/wp-json\/wp\/v2\/users\/1"}],"replies":[{"embeddable":true,"href":"https:\/\/maurograziani.org\/wordpress\/wp-json\/wp\/v2\/comments?post=162"}],"version-history":[{"count":5,"href":"https:\/\/maurograziani.org\/wordpress\/wp-json\/wp\/v2\/pages\/162\/revisions"}],"predecessor-version":[{"id":3972,"href":"https:\/\/maurograziani.org\/wordpress\/wp-json\/wp\/v2\/pages\/162\/revisions\/3972"}],"wp:attachment":[{"href":"https:\/\/maurograziani.org\/wordpress\/wp-json\/wp\/v2\/media?parent=162"}],"curies":[{"name":"wp","href":"https:\/\/api.w.org\/{rel}","templated":true}]}}