{"id":276,"date":"2006-11-15T18:52:00","date_gmt":"2006-11-15T17:52:00","guid":{"rendered":"http:\/\/www.maurograziani.org\/wordpress\/useful-searches\/"},"modified":"2006-11-16T17:48:46","modified_gmt":"2006-11-16T16:48:46","slug":"useful-searches","status":"publish","type":"page","link":"https:\/\/maurograziani.org\/wordpress\/useful-searches","title":{"rendered":"Universe is *not* user friendly"},"content":{"rendered":"<p>Google e gli altri motori di ricerca permettono di trovare un sacco di cose.<br \/>\nLa facilit\u00e0 con cui la gente mette documenti e dispositivi di vario tipo su internet e li espone al mondo, anche senza rendersene conto, \u00e8 grande e sembra essere una nuova tendenza sociale. Il tutto \u00e8 reso possibile dall&#8217;ubiquit\u00e0 del digitale che ormai codifica qualsiasi tipo di documento scritto, sonoro o in forma di immagine. Nello stesso tempo i supporti come le memory key e le tessere magnetiche cambiano il modo con cui l&#8217;informazione viene fisicamente conservata, aumentando enormemente la quantit\u00e0 di dati che ogni persona \u00e8 in grado di portare con s\u00e8.<br \/>\nC&#8217;\u00e8 una richiesta di privacy sempre maggiore, ma, paradossalmente, nello stesso tempo la gente accetta, consapevolmente o meno, che i propri dati e comportamenti siano esposti al mondo grazie alla rete o a una RAM key perduta\/dimenticata.<br \/>\nForse \u00e8 un passo solo parzialmente consapevole verso una societ\u00e0 con pareti di vetro, in cui qualsiasi cosa venga fatta via internet \u00e8 pubblica e molti comportamenti che, di per s\u00e8, sono gi\u00e0 pubblici o semi-pubblici (uscire in strada, fermarsi in un bar, discutere in chat, etc.) lo diventano alla massima potenza e sono visibili da tutti coloro che si imbattono nel link alla webcam o al file giusto, potenzialmente da tutto il mondo.<\/p>\n<p>NB: non sto rivelando niente di segreto che non possa essere trovato da qualche parte sulla rete o pubblicato su un libro. Le modalit\u00e0 per effettuare queste ricerche sono note da anni e per scelta, non ho messo qui quelle utili alla ricerca di password, numeri di carte di credito o altri dati &#8220;pericolosi&#8221;.<br \/>\nIl principale archivio su questo utilizzo di Google \u00e8 <a href=\"http:\/\/johnny.ihackstuff.com\/\">johnny.ihackstuff<\/a><\/p>\n<p>Please Note: I don&#8217;t list secrets here. All the search data are easy to find on the internet or in books. The main archive is <a href=\"http:\/\/johnny.ihackstuff.com\/\">johnny.ihackstuff<\/a><\/p>\n<hr size=\"8\" width=\"90%\"\/>\n<p><big>Cercare webcam non protette<br \/>\nSearch for webcams online<\/big><\/p>\n<p>Spiare le webcam degli altri \u00e8 ormai una moda. Queste ricerche consentono di individuare e vedere le webcam messe online senza protezione alcuna.<\/p>\n<ul>\n<a target='_blank' href=\"http:\/\/www.google.com\/search?q=inurl%3A%22ViewerFrame%3FMode%3D%22\">Panasonic Cam<\/a><br \/>\n<a target='_blank' href=\"http:\/\/www.google.com\/search?q=inurl%3A%E2%80%9DMultiCameraFrame%3FMode%3D%E2%80%9D\">altre Panasonic Cam<\/a>.<br \/>\n<a target='_blank' href=\"http:\/\/www.google.com\/search?q=intitle%3A%22my+webcamXP+server%21%22+inurl%3A%22%3A8080%22\">Webcam XP<\/a> (logitech e simili)<br \/>\n<a target='_blank' href=\"http:\/\/www.google.com\/search?q=inurl%3Ahome%2Fhomej.html+intitle%3Asnc\">Sony NC RZ30<\/a><br \/>\n<a target='_blank' href=\"http:\/\/www.google.com\/search?q=inurl%3Asample%2FLvAppl%2F\">Canon Cam<\/a><br \/>\n<a target='_blank' href=\"http:\/\/www.google.com\/search?q=inurl%3A%22indexFrame.shtml\">Axis Cam<\/a><br \/>\n<a target='_blank' href=\"http:\/\/www.google.com\/search?q=intitle%3A%22Live+View+%2F+-+AXIS%22\">altra Axis Cam<\/a><br \/>\n<a target='_blank' href=\"http:\/\/www.google.com\/search?q=allintitle:+Axis+2.10+OR+2.12+OR+2.30+OR+2.31+OR+2.32+OR+2.33+OR+2.34+OR+2.40+OR+2.42+OR+2.43+%22Network+Camera+%22&#038;num=100&#038;filter=0\">varie versioni di Axis Cam<\/a><br \/>\n<a target='_blank' href=\"http:\/\/www.google.com\/search?q=intitle%3A%22toshiba+network+camera+-+User+Login%22\">Toshiba<\/a> (nella pagina di login cliccate il bottone &#8220;Login&#8221;; se invece vi chiede una pw, \u00e8 stata protetta: non tentate neppure, tentare sarebbe un reato)\n<\/ul>\n<hr size=\"2\" width=\"80%\"\/>\n<p><big>Cercare foto digitali on line<br \/>\nSearch for digital shots online<\/big><\/p>\n<p>La maggior parte delle fotocamere digitali aderisce a uno standard inventato per facilitare la vita ai software di gestione e anche all\u2019utente. Lo standard consiste nel creare una cartella il cui nome \u00e8 DCIM in cui vengono create altre cartelle per le varie fotocamere. Cos\u00ec all\u2019interno della cartella DCIM avremo, per esempio, una cartella CASIO, oppure CANON, etc con davanti un numero progressivo per dividere i vari scaricamenti (102CANON, 103CANON, 104CANON, etc). Qui finiscono le foto, tipicamente in formato jpeg e anche i filmati, di solito in formato avi.<\/p>\n<ul>\n<a target='_blank' href=\"http:\/\/www.google.com\/search?q=index+of+dcim+inurl%3Adcim\">Foto digitali<\/a>\n<\/ul>\n<hr size=\"2\" width=\"80%\"\/>\n<p><big>Cercare Documenti confidenziali<br \/>\nSearch for confidential documents<\/big><\/p>\n<p>Che cosa si scrive di solito su un documento quando non si vuole venga diffuso?<br \/>\nPer esempio \u201cconfidential\u201d, oppure \u201cnot for distribution\u201d, o ancora \u201cnot for public release\u201d. In italiano, \u201cstrettamente confidenziale\u201d o cose del genere.<\/p>\n<ul>\n<a target='_blank' href=\"http:\/\/www.google.com\/search?q=allintext%3A+confidential+%22not+for+distribution%22\">Not for distribution<\/a><br \/>\n La stessa ricerca <a target='_blank' href=\"http:\/\/www.google.com\/search?as_q=confidential+&#038;num=100&#038;as_epq=not+for+distribution&#038;as_oq=&#038;as_eq=&#038;lr=&#038;as_ft=i&#038;as_filetype=pdf&#038;as_qdr=all\">filtrata per PDF<\/a><br \/>\n<a target='_blank' href=\"http:\/\/www.google.com\/search?as_q=confidential+&#038;num=100&#038;as_epq=not+for+distribution&#038;as_oq=&#038;as_eq=&#038;lr=&#038;as_ft=i&#038;as_filetype=doc&#038;as_qdr=all\">filtrata per DOC<\/a><br \/>\n<a target='_blank' href=\"http:\/\/www.google.com\/search?as_q=confidential+&#038;num=100&#038;as_epq=not+for+distribution&#038;as_oq=&#038;as_eq=&#038;lr=&#038;as_ft=i&#038;as_filetype=xls&#038;as_qdr=all\">filtrata per Excel<\/a>\n<\/ul>\n<hr size=\"2\" width=\"80%\"\/>\n<p><big>Cercare Log di Chat<br \/>\nSearch for Chat Logs<\/big><\/p>\n<ul>\n<a target='_blank' href=\"http:\/\/www.google.com\/search?hl=en&#038;lr=&#038;ie=UTF-8&#038;oe=UTF-8&#038;q=%22Index+of%22+%2F+%22chat%2Flogs%22+\">Chat logs<\/a><\/ul>\n<div class=\"related-posts\">\n<\/div>","protected":false},"excerpt":{"rendered":"<p>Google e gli altri motori di ricerca permettono di trovare un sacco di cose. La facilit\u00e0 con cui la gente mette documenti e dispositivi di vario tipo su internet e li espone al mondo, anche senza rendersene conto, \u00e8 grande &hellip; <a href=\"https:\/\/maurograziani.org\/wordpress\/useful-searches\">Continua a leggere<span class=\"meta-nav\">&rarr;<\/span><\/a><\/p>\n","protected":false},"author":1,"featured_media":0,"parent":0,"menu_order":0,"comment_status":"open","ping_status":"open","template":"","meta":{"footnotes":""},"class_list":["post-276","page","type-page","status-publish","hentry"],"jetpack_sharing_enabled":true,"_links":{"self":[{"href":"https:\/\/maurograziani.org\/wordpress\/wp-json\/wp\/v2\/pages\/276"}],"collection":[{"href":"https:\/\/maurograziani.org\/wordpress\/wp-json\/wp\/v2\/pages"}],"about":[{"href":"https:\/\/maurograziani.org\/wordpress\/wp-json\/wp\/v2\/types\/page"}],"author":[{"embeddable":true,"href":"https:\/\/maurograziani.org\/wordpress\/wp-json\/wp\/v2\/users\/1"}],"replies":[{"embeddable":true,"href":"https:\/\/maurograziani.org\/wordpress\/wp-json\/wp\/v2\/comments?post=276"}],"version-history":[{"count":0,"href":"https:\/\/maurograziani.org\/wordpress\/wp-json\/wp\/v2\/pages\/276\/revisions"}],"wp:attachment":[{"href":"https:\/\/maurograziani.org\/wordpress\/wp-json\/wp\/v2\/media?parent=276"}],"curies":[{"name":"wp","href":"https:\/\/api.w.org\/{rel}","templated":true}]}}